{"id":3127,"date":"2023-04-09T11:06:14","date_gmt":"2023-04-09T09:06:14","guid":{"rendered":"https:\/\/www.gmrcamps.com\/leon\/?page_id=3127"},"modified":"2025-03-13T19:46:53","modified_gmt":"2025-03-13T18:46:53","slug":"faqs","status":"publish","type":"page","link":"https:\/\/www.gmrcamps.com\/leon\/faqs\/","title":{"rendered":"Preguntas frecuentes"},"content":{"rendered":"<div class=\"wpb-content-wrapper\"><div class=\"vc_row wpb_row top-row porto-inner-container wpb_custom_034b39d9bc6c6b310d69e39f0ccf274f\"><div class=\"porto-wrap-container container\"><div class=\"row vc_column-gap-35\"><div class=\"vc_column_container col-md-12\"><div class=\"wpb_wrapper vc_column-inner\"><div class=\"vc_custom_heading vc_do_custom_heading vc_custom_1738516169305 wpb_custom_809bbf14737355c834e453c504e62a9d heading heading-border heading-primary heading-bottom-border\" ><h2 style=\"color: var(--porto-primary-color);text-align: center;font-weight:300\" data-appear-animation=\"fadeIn\" data-appear-animation-duration=\"2000\" class=\"heading-tag heading-quaternary\">\u00bfTienes dudas sobre como funciona nuestro campamento?<\/h2><\/div>\r\n\t<div class=\"wpb_text_column wpb_content_element wpb_custom_7c91d232724f73626cc933bd95b25ff0\" >\r\n\t\t<div class=\"wpb_wrapper\">\r\n\t\t\t<h3 style=\"text-align: center;\">Aqu\u00ed encontrar\u00e9is ls <strong>respuestas<\/strong> a las principales <span style=\"color: #df9833;\">dudas<\/span> que nos pregunt\u00e1is<\/h3>\n\r\n\t\t<\/div>\r\n\t<\/div>\r\n<\/div><\/div><\/div><\/div><\/div><div class=\"vc_row wpb_row top-row section section-light section-light-scale-2 section-with-divider porto-inner-container wpb_custom_034b39d9bc6c6b310d69e39f0ccf274f\"><div class=\"porto-wrap-container container\"><div class=\"row\"><div class=\"section-divider divider divider-solid divider-primary divider-icon-lg\"><i class=\"fas fa-question-circle\"><\/i><\/div><div class=\"vc_column_container col-md-12\"><div class=\"wpb_wrapper vc_column-inner\"><div class=\"porto-faqs porto-faqsnkcc wpb_content_element \" data-appear-animation=\"bounce\"><h4 class=\"wpb_heading \">Preguntas frecuentes<\/h4>\r\n\t<div class=\"page-faqs clearfix m-t-lg wpb_custom_de4e5c15c1c988075e868da5e449797e porto-ajax-load load-more\" id=\"porto_faqs_kyre\" data-post_type=\"faq\" data-ajax_load_options=\"{&quot;title&quot;:&quot;Preguntas frecuentes&quot;,&quot;number&quot;:&quot;100&quot;,&quot;filter&quot;:&quot;yes&quot;,&quot;filter_type&quot;:&quot;ajax&quot;,&quot;pagination&quot;:&quot;load_more&quot;,&quot;animation_type&quot;:&quot;bounce&quot;}\">\r\n\r\n\t\t\t\t\t<ul class=\"faq-filter nav nav-pills sort-source porto-ajax-filter\">\r\n\t\t\t\t<li class=\"active\" data-filter=\"*\"><a>Show All<\/a><\/li>\r\n\t\t\t\t\t\t\t\t\t<li data-filter=\"alojamiento\"><a>Alojamiento<\/a><\/li>\r\n\t\t\t\t\t\t\t\t\t<li data-filter=\"campamentos\"><a>Campamentos<\/a><\/li>\r\n\t\t\t\t\t\t\t\t\t<li data-filter=\"contacto\"><a>Contacto<\/a><\/li>\r\n\t\t\t\t\t\t\t\t\t<li data-filter=\"dietas\"><a>Dietas<\/a><\/li>\r\n\t\t\t\t\t\t\t<\/ul>\r\n\t\t\t<hr>\r\n\t\t\r\n\t\t\r\n\t\t<div class=\"faq-row faqs-container\" data-cur_page=\"1\" data-max_page=\"1\">\r\n\t\t\t\r\n<div class=\"faq dietas post-3571 type-faq status-publish hentry faq_cat-dietas\">\r\n\t<section class=\"toggle\">\r\n\t\t<label>Mi hija no come muy bien y me preocupa que all\u00ed se deje la comida en el plato<\/label>\r\n\t\t<div class=\"toggle-content\">\r\n\t\t<h3 class=\"entry-title\" style=\"display: none;\">Mi hija no come muy bien y me preocupa que all\u00ed se deje la comida en el plato<\/h3><span class=\"vcard\" style=\"display: none;\"><span class=\"fn\"><a href=\"https:\/\/www.gmrcamps.com\/leon\/author\/gmr\/\" title=\"Entradas de GMR\" rel=\"author\">GMR<\/a><\/span><\/span><span class=\"updated\" style=\"display:none\">2025-01-25T19:29:46+01:00<\/span>\n<p><\/p>\n\n\n\n<p>La verdad es que no es el primer caso evidentemente que tenemos. Han sido creo que much\u00edsimos, e incluso hemos conseguido en algunos casos mejorar mucho en los h\u00e1bitos alimenticios de muchos ni\u00f1os gracias a lo bien que comemos en el campamento.<\/p>\n\n\n\n<p><\/p>\n\n\n\n<p>Si por alguna raz\u00f3n vemos que un ni\u00f1o o una ni\u00f1a comen muy mal, o evitan comer en el comedor, lo primero es hablar con vosotros los padres si es que no est\u00e1bamos ya al tanto, nunca hemos tenido un caso extremo, solamente en el primer campamento del 2007 con una ni\u00f1a que pr\u00e1cticamente se alimentaba de chuches porque estaba as\u00ed de mal acostumbrada. En cualquier caso no hay nada mejor que un campamento para ver los h\u00e1bitos alimenticios de los ni\u00f1os fuera de su casa, y hablarlo con los padres si fuese preocupante. No se suele dar el caso para ser sinceros, quiz\u00e1 el clima o la actividad continua que tenemos les abre el apetito mejor que en el cole o en casa.<\/p>\n\t\t<\/div>\r\n\t<\/section>\r\n<\/div>\r\n\r\n<div class=\"faq dietas post-3570 type-faq status-publish hentry faq_cat-dietas\">\r\n\t<section class=\"toggle\">\r\n\t\t<label>\u00bfEs el men\u00fa del campamento equilibrado?<\/label>\r\n\t\t<div class=\"toggle-content\">\r\n\t\t<h3 class=\"entry-title\" style=\"display: none;\">\u00bfEs el men\u00fa del campamento equilibrado?<\/h3><span class=\"vcard\" style=\"display: none;\"><span class=\"fn\"><a href=\"https:\/\/www.gmrcamps.com\/leon\/author\/gmr\/\" title=\"Entradas de GMR\" rel=\"author\">GMR<\/a><\/span><\/span><span class=\"updated\" style=\"display:none\">2025-01-25T19:29:51+01:00<\/span>\n<p><\/p>\n\n\n\n<p>En nuestro campamento&nbsp;<strong>la comida es una parte muy importante y muy conocida<\/strong>&nbsp;ya entre los clientes antiguos. El men\u00fa siempre es casero y equilibrado, comemos mucha fruta y mucha verdura, pescado y carne en cantidad suficiente y de muy buena calidad, sobre todo la fruta y la carne, ya que el pescado que quieras que no aunque tambi\u00e9n es de muy buena calidad, tiene que ser congelado por obligaci\u00f3n por el asunto del anisaquis y la normativa vigente.<\/p>\n\n\n\n<p><\/p>\n\n\n\n<p>Nuestros campamentos son muy conocidos por la calidad de nuestros men\u00fas y la comida casera, lo decimos en nuestra publicidad y lo pueden corroborar clientes y fotograf\u00edas de la web.<\/p>\n\t\t<\/div>\r\n\t<\/section>\r\n<\/div>\r\n\r\n<div class=\"faq contacto post-3569 type-faq status-publish hentry faq_cat-contacto\">\r\n\t<section class=\"toggle\">\r\n\t\t<label>Horario de atenci\u00f3n al cliente<\/label>\r\n\t\t<div class=\"toggle-content\">\r\n\t\t<h3 class=\"entry-title\" style=\"display: none;\">Horario de atenci\u00f3n al cliente<\/h3><span class=\"vcard\" style=\"display: none;\"><span class=\"fn\"><a href=\"https:\/\/www.gmrcamps.com\/leon\/author\/gmr\/\" title=\"Entradas de GMR\" rel=\"author\">GMR<\/a><\/span><\/span><span class=\"updated\" style=\"display:none\">2025-01-25T19:29:57+01:00<\/span>\n<p><\/p>\n\n\n\n<p>Nuestro horario de atenci\u00f3n al cliente es de Lunes a Viernes de 9:00 a 18:00. Tambi\u00e9n se atienden citas para Curso Acad\u00e9mico los s\u00e1bados y domingos seg\u00fan cita previa y disponibilidad.<\/p>\n\t\t<\/div>\r\n\t<\/section>\r\n<\/div>\r\n\r\n<div class=\"faq contacto post-3568 type-faq status-publish hentry faq_cat-contacto\">\r\n\t<section class=\"toggle\">\r\n\t\t<label>\u00bfResulta sencillo localizar la oficina?<\/label>\r\n\t\t<div class=\"toggle-content\">\r\n\t\t<h3 class=\"entry-title\" style=\"display: none;\">\u00bfResulta sencillo localizar la oficina?<\/h3><span class=\"vcard\" style=\"display: none;\"><span class=\"fn\"><a href=\"https:\/\/www.gmrcamps.com\/leon\/author\/gmr\/\" title=\"Entradas de GMR\" rel=\"author\">GMR<\/a><\/span><\/span><span class=\"updated\" style=\"display:none\">2025-01-25T19:30:02+01:00<\/span>\n<p><\/p>\n\n\n\n<p>Tanto si se desplaza en coche como en transporte p\u00fablico es muy sencillo encontrar nuestra oficina. Es f\u00e1cil y gratuito aparcar en la zona. Si se vienen coche y no se encuentra sitio r\u00e1pido existe una esplanada de aparcamiento sin coste&nbsp;a cinco minutos en la entrada de la casa de campo que les podemos indicar. Tambi\u00e9n existe un parking de pago a dos minutos de la oficina que siempre est\u00e1 vac\u00edo.<\/p>\n\n\n\n<p><\/p>\n\n\n\n<p>Nuestra oficina se encuentre en pleno puente de Segovia, en la&nbsp;<strong>Glorieta Puente de Segovia numero 3<\/strong>. La entrada es en planta calle.<\/p>\n\t\t<\/div>\r\n\t<\/section>\r\n<\/div>\r\n\r\n<div class=\"faq campamentos post-3567 type-faq status-publish hentry faq_cat-campamentos\">\r\n\t<section class=\"toggle\">\r\n\t\t<label>Nosotros somos de Le\u00f3n y llevaremos a nuestra hija como externa. \u00bfSe podr\u00e1 quedar a alguna velada?<\/label>\r\n\t\t<div class=\"toggle-content\">\r\n\t\t<h3 class=\"entry-title\" style=\"display: none;\">Nosotros somos de Le\u00f3n y llevaremos a nuestra hija como externa. \u00bfSe podr\u00e1 quedar a alguna velada?<\/h3><span class=\"vcard\" style=\"display: none;\"><span class=\"fn\"><a href=\"https:\/\/www.gmrcamps.com\/leon\/author\/gmr\/\" title=\"Entradas de GMR\" rel=\"author\">GMR<\/a><\/span><\/span><span class=\"updated\" style=\"display:none\">2025-01-25T19:30:17+01:00<\/span>\n<p><\/p>\n\n\n\n<p>Sin duda que se podr\u00e1 quedar a alguna velada. Hay algunas que son espectaculares, en casos puntuales podemos dejarles que se queden, sin duda.<\/p>\n\n\n\n<p>La fiesta de despedida del campamento casi seguro que no se la querr\u00e1n perder, y la noche del terror a\u00fan menos.<\/p>\n\t\t<\/div>\r\n\t<\/section>\r\n<\/div>\r\n\r\n<div class=\"faq campamentos post-3566 type-faq status-publish hentry faq_cat-campamentos\">\r\n\t<section class=\"toggle\">\r\n\t\t<label>Mi hijo de 6 a\u00f1os a\u00fan nada con manguitos, nos inquieta que lo pase mal en la piscina<\/label>\r\n\t\t<div class=\"toggle-content\">\r\n\t\t<h3 class=\"entry-title\" style=\"display: none;\">Mi hijo de 6 a\u00f1os a\u00fan nada con manguitos, nos inquieta que lo pase mal en la piscina<\/h3><span class=\"vcard\" style=\"display: none;\"><span class=\"fn\"><a href=\"https:\/\/www.gmrcamps.com\/leon\/author\/gmr\/\" title=\"Entradas de GMR\" rel=\"author\">GMR<\/a><\/span><\/span><span class=\"updated\" style=\"display:none\">2025-01-25T19:30:25+01:00<\/span>\n<p><\/p>\n\n\n\n<p>Nuestra piscina esta siempre vigilada por socorrista y monitores, cubre muy poquito en la parte que menos cubre, ya que se dise\u00f1\u00f3 para ni\u00f1os. Con 6 a\u00f1os ya hace pie casi. El vaso de hormig\u00f3n ya exist\u00eda cuando llegamos nosotros y por eso tiene la profundidad limitada. Donde m\u00e1s cubre, no llega a los 2 metros y medio.<\/p>\n\n\n\n<p><\/p>\n\n\n\n<p>En principio no hay ning\u00fan problema en usar manguitos, flotadores, o en el caso de los m\u00e1s peque\u00f1os entrar con algunos de los monitores a profesores que m\u00e1s les gusta jugar en la piscina con los peque\u00f1ajos, que siempre hay voluntarios.<\/p>\n\t\t<\/div>\r\n\t<\/section>\r\n<\/div>\r\n\r\n<div class=\"faq campamentos post-3565 type-faq status-publish hentry faq_cat-campamentos\">\r\n\t<section class=\"toggle\">\r\n\t\t<label>Aunque ya sabemos por nuestra hija mayor que las noches del terror no son tan terror\u00edficas, a nuestro hijo de 7 a\u00f1os le da miedo. \u00bfQu\u00e9 hacen con los ni\u00f1os que no quieren participar en esa velada?<\/label>\r\n\t\t<div class=\"toggle-content\">\r\n\t\t<h3 class=\"entry-title\" style=\"display: none;\">Aunque ya sabemos por nuestra hija mayor que las noches del terror no son tan terror\u00edficas, a nuestro hijo de 7 a\u00f1os le da miedo. \u00bfQu\u00e9 hacen con los ni\u00f1os que no quieren participar en esa velada?<\/h3><span class=\"vcard\" style=\"display: none;\"><span class=\"fn\"><a href=\"https:\/\/www.gmrcamps.com\/leon\/author\/gmr\/\" title=\"Entradas de GMR\" rel=\"author\">GMR<\/a><\/span><\/span><span class=\"updated\" style=\"display:none\">2025-01-25T19:30:33+01:00<\/span>\n<p><\/p>\n\n\n\n<p>Durante todas las veladas de la noche del terror que realizamos, los que no quieren participar en ella ven una pel\u00edcula que ponemos en el comedor con las puertas cerradas. A veces incluso algunos de los mayores prefieren no participar en la noche del terror.<\/p>\n\n\n\n<p><\/p>\n\n\n\n<p>Esta velada es un juego en el que los profesores y monitores se maquillan y se disfrazan y tienen que dar pistas a los ni\u00f1os que van en grupo busc\u00e1ndoles por el campamento y pregunt\u00e1ndoles cosas. Al final en la ceremonia de la sala de juegos se descubre el misterio. Es muy divertida y la gracia est\u00e1 en lo bien que se maquillan y se disfrazan todos, la m\u00fasica de fondo y la oscuridad, y el juego de rol que tienen que hacer. Es como cuando te metes en el pasaje del terror, que sabes que son personas disfrazadas, pero quieres que te den un susto! Normalmente los de seis y siete a\u00f1os no participan en estas veladas porque no entienden ni tan siquiera el juego.<\/p>\n\t\t<\/div>\r\n\t<\/section>\r\n<\/div>\r\n\r\n<div class=\"faq campamentos post-3564 type-faq status-publish hentry faq_cat-campamentos\">\r\n\t<section class=\"toggle\">\r\n\t\t<label>\u00bfSeparan a los ni\u00f1os por edades en las actividades?<\/label>\r\n\t\t<div class=\"toggle-content\">\r\n\t\t<h3 class=\"entry-title\" style=\"display: none;\">\u00bfSeparan a los ni\u00f1os por edades en las actividades?<\/h3><span class=\"vcard\" style=\"display: none;\"><span class=\"fn\"><a href=\"https:\/\/www.gmrcamps.com\/leon\/author\/gmr\/\" title=\"Entradas de GMR\" rel=\"author\">GMR<\/a><\/span><\/span><span class=\"updated\" style=\"display:none\">2025-01-25T19:30:38+01:00<\/span>\n<p><\/p>\n\n\n\n<p>Dependiendo de cada actividad evidentemente los separamos por edades o incluso por sexos si se da el caso.<\/p>\n\n\n\n<p><\/p>\n\n\n\n<p>Hay actividades que son m\u00e1s adecuadas para ni\u00f1os mayores, y mientras los mayores hacen una cosa, los peque\u00f1os pueden estar haciendo otra m\u00e1s acorde a su edad.<\/p>\n\t\t<\/div>\r\n\t<\/section>\r\n<\/div>\r\n\r\n<div class=\"faq campamentos post-3563 type-faq status-publish hentry faq_cat-campamentos\">\r\n\t<section class=\"toggle\">\r\n\t\t<label>\u00bfTen\u00e9is otros campamentos m\u00e1s cerca de Madrid?<\/label>\r\n\t\t<div class=\"toggle-content\">\r\n\t\t<h3 class=\"entry-title\" style=\"display: none;\">\u00bfTen\u00e9is otros campamentos m\u00e1s cerca de Madrid?<\/h3><span class=\"vcard\" style=\"display: none;\"><span class=\"fn\"><a href=\"https:\/\/www.gmrcamps.com\/leon\/author\/gmr\/\" title=\"Entradas de GMR\" rel=\"author\">GMR<\/a><\/span><\/span><span class=\"updated\" style=\"display:none\">2025-01-25T19:30:43+01:00<\/span>\n<p><\/p>\n\n\n\n<p>En este momento no ofrecemos otros&nbsp;<strong>campamentos<\/strong>. Entre el a\u00f1o 2009 y el 2011 ofrecimos un campamento en Alcal\u00e1 de Henares, de hecho es el que se ve en el reportaje de las noticias de televisi\u00f3n espa\u00f1ola.<\/p>\n\n\n\n<p><\/p>\n\n\n\n<p>Del 2012 al 2014 ofrecimos el&nbsp;<strong>campamento en Gredos<\/strong>&nbsp;para ir a un entorno un poquito m\u00e1s t\u00edpico de campamentos y tambi\u00e9n cercano a Madrid.<\/p>\n\n\n\n<p>Sin embargo desde el 2015 hemos decidido potenciar nuestro&nbsp;<strong>campamento de Le\u00f3n<\/strong>&nbsp;y tratar de avanzar las obras de la ampliaci\u00f3n que tenemos en marcha poco a poco, sin depender de la financiaci\u00f3n bancaria, debido a las incontables trabas que han puesto desde los inicios.<\/p>\n\n\n\n<p><\/p>\n\n\n\n<p>Aunque nuestra oficina comercial y sede de la empresa est\u00e1 en Madrid, nuestras instalaciones est\u00e1n en Le\u00f3n porque consideramos que es un destino ideal y estamos a solo 4 horas en bus de Madrid, por eso solemos poner cada a\u00f1o autobuses desde Madrid y Bilbao para cada inicio y final de <strong>quincenas de campamento de verano<\/strong>.<\/p>\n\t\t<\/div>\r\n\t<\/section>\r\n<\/div>\r\n\r\n<div class=\"faq campamentos post-3562 type-faq status-publish hentry faq_cat-campamentos\">\r\n\t<section class=\"toggle\">\r\n\t\t<label>\u00bfEn 2016 hac\u00e9is el campamento de Gredos otra vez?<\/label>\r\n\t\t<div class=\"toggle-content\">\r\n\t\t<h3 class=\"entry-title\" style=\"display: none;\">\u00bfEn 2016 hac\u00e9is el campamento de Gredos otra vez?<\/h3><span class=\"vcard\" style=\"display: none;\"><span class=\"fn\"><a href=\"https:\/\/www.gmrcamps.com\/leon\/author\/gmr\/\" title=\"Entradas de GMR\" rel=\"author\">GMR<\/a><\/span><\/span><span class=\"updated\" style=\"display:none\">2025-01-25T19:30:48+01:00<\/span>\n<p>No, sentimos no poder ofrecerlo por el momento. La zona de&nbsp;<strong>Navaluenga<\/strong>&nbsp;donde hemos desarrollado durante tres a\u00f1os el&nbsp;<strong>campamento de Gredos<\/strong>&nbsp;es muy bonita, pero el albergue tiene una capacidad muy limitada y se nos quedaba peque\u00f1o muy pronto. Desde Madrid se tarda una hora y media en llegar a&nbsp;<strong>Gredos<\/strong>, y en estos momentos se tarda una hora y 45 minutos en llegar&nbsp;<strong>a Le\u00f3n en AVE<\/strong>, por lo que queremos potenciar esta opci\u00f3n y dar las m\u00e1ximas facilidades a las familias.<\/p>\n\n\n\n<p><\/p>\n\n\n\n<p>Estamos haciendo a menudo ofertas en el transporte, ofreciendo recoger a los ni\u00f1os si van en tren, o regalando el autob\u00fas, preg\u00fantenos si hay alguna oferta en este sentido en vigor.<\/p>\n\t\t<\/div>\r\n\t<\/section>\r\n<\/div>\r\n\r\n<div class=\"faq campamentos post-3561 type-faq status-publish hentry faq_cat-campamentos\">\r\n\t<section class=\"toggle\">\r\n\t\t<label>Somos de una empresa, \u00bfpodr\u00edamos mandar a nuestros hijos todos juntos?<\/label>\r\n\t\t<div class=\"toggle-content\">\r\n\t\t<h3 class=\"entry-title\" style=\"display: none;\">Somos de una empresa, \u00bfpodr\u00edamos mandar a nuestros hijos todos juntos?<\/h3><span class=\"vcard\" style=\"display: none;\"><span class=\"fn\"><a href=\"https:\/\/www.gmrcamps.com\/leon\/author\/gmr\/\" title=\"Entradas de GMR\" rel=\"author\">GMR<\/a><\/span><\/span><span class=\"updated\" style=\"display:none\">2025-01-25T19:30:57+01:00<\/span>\n<p><\/p>\n\n\n\n<p>Sin duda, aunque nosotros somos de los que trabajamos haciendo registros de uno en uno, es decir vamos a lo dif\u00edcil, estamos encantados de recibir grupos de empresa o ni\u00f1os que vengan juntos en grupo.<\/p>\n\n\n\n<p><\/p>\n\n\n\n<p>Cons\u00faltenos sobre opciones y precios en este caso ya que evidentemente les va a ser muy interesante nuestra propuesta. Al ser nuestras instalaciones nuestras, y ser grandes, podemos adaptarnos tanto en precios como en fechas a grupos grandes, o incluso dise\u00f1ar un programa espec\u00edfico.<\/p>\n\t\t<\/div>\r\n\t<\/section>\r\n<\/div>\r\n\r\n<div class=\"faq campamentos post-3560 type-faq status-publish hentry faq_cat-campamentos\">\r\n\t<section class=\"toggle\">\r\n\t\t<label>\u00bfSe puede hacer un campamento en Semana Santa o fuera de verano?<\/label>\r\n\t\t<div class=\"toggle-content\">\r\n\t\t<h3 class=\"entry-title\" style=\"display: none;\">\u00bfSe puede hacer un campamento en Semana Santa o fuera de verano?<\/h3><span class=\"vcard\" style=\"display: none;\"><span class=\"fn\"><a href=\"https:\/\/www.gmrcamps.com\/leon\/author\/gmr\/\" title=\"Entradas de GMR\" rel=\"author\">GMR<\/a><\/span><\/span><span class=\"updated\" style=\"display:none\">2025-01-25T19:31:34+01:00<\/span>\n<p><\/p>\n\n\n\n<p>Ya hemos hecho dos temporadas campamentos de semana Santa, y aunque la demanda todav\u00eda es baja, han tenido bastante \u00e9xito.<\/p>\n\n\n\n<p><\/p>\n\n\n\n<p>Desde el a\u00f1o 2009 asisten a nuestras instalaciones de Le\u00f3n&nbsp;<strong>grupos de colegios<\/strong>&nbsp;que hacen excursiones escolares con nuestros profesores nativos, con programas a medida, y gran fidelidad ya que casi todos repiten de a\u00f1o en a\u00f1o.<\/p>\n\n\n\n<p><\/p>\n\n\n\n<p>Estos programas son totalmente hechos a medida.<\/p>\n\t\t<\/div>\r\n\t<\/section>\r\n<\/div>\r\n\r\n<div class=\"faq alojamiento post-3559 type-faq status-publish hentry faq_cat-alojamiento\">\r\n\t<section class=\"toggle\">\r\n\t\t<label>Mi hijo va a ir con un grupo de amigos del cole, en total ser\u00e1n cinco y todo chicos. \u00bfpodr\u00e1n estar juntos en la misma caba\u00f1a?<\/label>\r\n\t\t<div class=\"toggle-content\">\r\n\t\t<h3 class=\"entry-title\" style=\"display: none;\">Mi hijo va a ir con un grupo de amigos del cole, en total ser\u00e1n cinco y todo chicos. \u00bfpodr\u00e1n estar juntos en la misma caba\u00f1a?<\/h3><span class=\"vcard\" style=\"display: none;\"><span class=\"fn\"><a href=\"https:\/\/www.gmrcamps.com\/leon\/author\/gmr\/\" title=\"Entradas de GMR\" rel=\"author\">GMR<\/a><\/span><\/span><span class=\"updated\" style=\"display:none\">2025-01-25T19:31:30+01:00<\/span>\n<p>En las caba\u00f1as siempre tiene que haber&nbsp;<strong>solo chicos o solo chicas<\/strong>, y normalmente a partir de ocho o nueve a\u00f1os suelen estar todos en Caba\u00f1as, as\u00ed que no habr\u00e1 ning\u00fan problema en que duerman todos en la misma caba\u00f1a, ponedlo por favor en el formulario cuando realices la inscripci\u00f3n en el campamento.<\/p>\n\n\n\n<p><\/p>\n\n\n\n<p>Cuando vienen amigos, primos, o hermanos que se llevan m\u00e1s de tres a\u00f1os de diferencia, tenemos que separarles, ya que evidentemente si no el m\u00e1s peque\u00f1o sufrir\u00e1 rechazo de los mayores. Ya sab\u00e9is que a estas edades los m\u00e1s mayores no quieren estar con ni\u00f1os muy peque\u00f1os, y siempre les distribuimos por edades similares evidentemente.<\/p>\n\t\t<\/div>\r\n\t<\/section>\r\n<\/div>\r\n\r\n<div class=\"faq alojamiento post-3558 type-faq status-publish hentry faq_cat-alojamiento\">\r\n\t<section class=\"toggle\">\r\n\t\t<label>Mi hija de 13 a\u00f1os va a ir con su prima de 9. Est\u00e1n muy unidas y les gustar\u00eda dormir juntas<\/label>\r\n\t\t<div class=\"toggle-content\">\r\n\t\t<h3 class=\"entry-title\" style=\"display: none;\">Mi hija de 13 a\u00f1os va a ir con su prima de 9. Est\u00e1n muy unidas y les gustar\u00eda dormir juntas<\/h3><span class=\"vcard\" style=\"display: none;\"><span class=\"fn\"><a href=\"https:\/\/www.gmrcamps.com\/leon\/author\/gmr\/\" title=\"Entradas de GMR\" rel=\"author\">GMR<\/a><\/span><\/span><span class=\"updated\" style=\"display:none\">2025-01-25T19:31:26+01:00<\/span>\n<p>En este caso&nbsp;<strong>no lo recomendar\u00edamos<\/strong>, ya que las dem\u00e1s ni\u00f1as de edad similar no les apetecer\u00e1 estar con una ni\u00f1a cuatro a\u00f1os m\u00e1s peque\u00f1a que ellas en la misma caba\u00f1a. En este caso precisamente ser\u00eda muy interesante empezar a acostumbrarles a ser m\u00e1s independientes y hacer amigos de edades similares ambas. Lo normal es que incluso la prima mayor nos lo diga que prefiere estar con ni\u00f1as de su edad en la dormida, y luego durante el d\u00eda se van a ver durante 15 horas, as\u00ed que no deber\u00eda de ser mayor problema.<\/p>\n\n\n\n<p><\/p>\n\n\n\n<p>En cualquier caso si es un requisito imprescindible, llamadnos y lo hablamos.<\/p>\n\t\t<\/div>\r\n\t<\/section>\r\n<\/div>\r\n\r\n<div class=\"faq alojamiento post-3557 type-faq status-publish hentry faq_cat-alojamiento\">\r\n\t<section class=\"toggle\">\r\n\t\t<label>\u00bfPueden entrar los chicos en las habitaciones de las chicas?<\/label>\r\n\t\t<div class=\"toggle-content\">\r\n\t\t<h3 class=\"entry-title\" style=\"display: none;\">\u00bfPueden entrar los chicos en las habitaciones de las chicas?<\/h3><span class=\"vcard\" style=\"display: none;\"><span class=\"fn\"><a href=\"https:\/\/www.gmrcamps.com\/leon\/author\/gmr\/\" title=\"Entradas de GMR\" rel=\"author\">GMR<\/a><\/span><\/span><span class=\"updated\" style=\"display:none\">2025-01-25T19:31:22+01:00<\/span>\n<p>Evidentemente ni los chicos pueden entrar en las habitaciones de las chicas, ni las chicas pueden entrar en las habitaciones de los chicos. Esto es algo que vigilamos bastante, sobre todo en las&nbsp;<strong>caba\u00f1as de los m\u00e1s mayores<\/strong>, como es de pura l\u00f3gica.<\/p>\n\n\n\n<p><\/p>\n\n\n\n<p>Es inevitable que esto ocurra, es decir que lo intenten. Tenemos que vigilar en las ventanas traseras de las caba\u00f1as para que no anden saltando, y est\u00e1 prohibido cerrar las caba\u00f1as con llave durante los campamentos de verano.<\/p>\n\n\n\n<p><\/p>\n\n\n\n<p>A decir verdad todav\u00eda no se ha dado el caso de que nos las \u201cden con queso\u201d los mayores que se creen m\u00e1s listos que nosotros.<\/p>\n\t\t<\/div>\r\n\t<\/section>\r\n<\/div>\r\n\t\t<\/div>\r\n\r\n\t\t\t\t\t<input type=\"hidden\" class=\"shortcode-id\" value=\"nkcc\"\/>\r\n\t\t\t\t\t\r\n\t<\/div>\r\n\r\n\t\r\n\t<\/div><\/div><\/div><\/div><\/div><\/div>\n<\/div>","protected":false},"excerpt":{"rendered":"Evidentemente ni los chicos pueden entrar en las habitaciones de las chicas, ni las chicas pueden entrar en las habitaciones de los chicos. Esto es algo que vigilamos bastante, sobre todo en las&nbsp;caba\u00f1as de los m\u00e1s mayores, como es de pura l\u00f3gica. Es inevitable que esto ocurra, es decir que lo intenten. Tenemos que vigilar [...]","protected":false},"author":1,"featured_media":0,"parent":0,"menu_order":0,"comment_status":"closed","ping_status":"closed","template":"","meta":{"footnotes":""},"class_list":["post-3127","page","type-page","status-publish","hentry"],"aioseo_notices":[],"_links":{"self":[{"href":"https:\/\/www.gmrcamps.com\/leon\/wp-json\/wp\/v2\/pages\/3127","targetHints":{"allow":["GET"]}}],"collection":[{"href":"https:\/\/www.gmrcamps.com\/leon\/wp-json\/wp\/v2\/pages"}],"about":[{"href":"https:\/\/www.gmrcamps.com\/leon\/wp-json\/wp\/v2\/types\/page"}],"author":[{"embeddable":true,"href":"https:\/\/www.gmrcamps.com\/leon\/wp-json\/wp\/v2\/users\/1"}],"replies":[{"embeddable":true,"href":"https:\/\/www.gmrcamps.com\/leon\/wp-json\/wp\/v2\/comments?post=3127"}],"version-history":[{"count":11,"href":"https:\/\/www.gmrcamps.com\/leon\/wp-json\/wp\/v2\/pages\/3127\/revisions"}],"predecessor-version":[{"id":4498,"href":"https:\/\/www.gmrcamps.com\/leon\/wp-json\/wp\/v2\/pages\/3127\/revisions\/4498"}],"wp:attachment":[{"href":"https:\/\/www.gmrcamps.com\/leon\/wp-json\/wp\/v2\/media?parent=3127"}],"curies":[{"name":"wp","href":"https:\/\/api.w.org\/{rel}","templated":true}]}}