{"id":4604,"date":"2025-03-13T16:53:57","date_gmt":"2025-03-13T15:53:57","guid":{"rendered":"https:\/\/www.gmrcamps.com\/leon\/?page_id=4604"},"modified":"2025-05-21T17:55:21","modified_gmt":"2025-05-21T15:55:21","slug":"aviso-legal","status":"publish","type":"page","link":"https:\/\/www.gmrcamps.com\/leon\/aviso-legal\/","title":{"rendered":"Aviso Legal"},"content":{"rendered":"<div class=\"wpb-content-wrapper\"><div class=\"vc_row wpb_row row top-row wpb_custom_034b39d9bc6c6b310d69e39f0ccf274f\"><div class=\"vc_column_container col-md-12\"><div class=\"wpb_wrapper vc_column-inner\">\r\n\t<div class=\"wpb_text_column wpb_content_element wpb_custom_7c91d232724f73626cc933bd95b25ff0\" >\r\n\t\t<div class=\"wpb_wrapper\">\r\n\t\t\t<p>Este documento constituye el Aviso Legal y las Condiciones de Uso que regulan la navegaci\u00f3n y uso de la web de GMR Summer Camps S.L. (en adelante, GMR), ubicada en la URL http:\/\/www.gmrcamps.com (en adelante, sitio web).<\/p>\n<p>El titular del sitio web, es GMR Summer Camps S.L., provista de CIF n\u00ba B-85795953, con domicilio social en Glorieta Puente de Segovia n.\u00ba 3, Entreplanta, 28011. &#8211; MADRID e inscrita en el Registro Mercantil de Madrid, Tomo 27161 Folio 80 y Hoja M-489330.<\/p>\n<p>El dominio ha sido registrado por GMR a trav\u00e9s de 1&amp;1 el 5 de noviembre de 1997 y caducar\u00e1 el pr\u00f3ximo 5 de noviembre de 2023, siendo utilizado y explotado por GMR habitualmente como veh\u00edculo de comunicaci\u00f3n e informaci\u00f3n a los clientes, potenciales clientes, proveedores y dem\u00e1s empresas del sector.<\/p>\n<p>Para contactar con GMR el usuario puede hacerlo a trav\u00e9s de la direcci\u00f3n de correo electr\u00f3nico principal info@mundoenred.com o dirigiendo escrito por correo ordinario a su domicilio social que figura en el presente aviso legal.<\/p>\n<p>Si el usuario env\u00eda informaci\u00f3n de cualquier tipo a trav\u00e9s de dichos canales de comunicaci\u00f3n, el usuario se compromete a que dicha informaci\u00f3n no infrinja ning\u00fan derecho de imagen, honor e intimidad, propiedad intelectual y\/o industrial, secreto comercial o profesional, y\/o cualesquiera otros derechos, de terceros.<\/p>\n<p>El usuario asume \u00edntegramente la responsabilidad que pudiere derivarse de cualquier comunicaci\u00f3n que env\u00ede incumpliendo el anterior deber y ser\u00e1 el \u00fanico responsable de las manifestaciones falsas o inexactas que realice.<\/p>\n<p>La navegaci\u00f3n y utilizaci\u00f3n de este sitio web implica, por parte del usuario, el conocimiento y aceptaci\u00f3n expresa, sin reservas ni limitaciones, de todos los t\u00e9rminos del presente Aviso Legal y Condiciones de Uso. Si el usuario no estuviera conforme con los mismos, ha de abstenerse de utilizar el mismo.<\/p>\n<p>El usuario se compromete a utilizar el sitio web conforme a la legislaci\u00f3n vigente y al presente Aviso Legal y Condiciones de Uso.<\/p>\n<p>Se entiende por usuario aquella persona que acceda, navegue o utilice el sitio web ya haya accedido directamente a trav\u00e9s de la propia url del titular, ya lo haya hecho a trav\u00e9s de un enlace en una web de otro titular (la asociaci\u00f3n ASEPROCE, cualquier buscador, etc).<\/p>\n<p>1.- GENERAL<\/p>\n<p>Las presentes Condiciones regulan el uso del servicio del sitio web que GMR pone a disposici\u00f3n de los usuarios de Internet.<\/p>\n<p>GMR se reserva el derecho a modificar la configuraci\u00f3n y contenido del sitio web en cualquier momento, as\u00ed como tambi\u00e9n las condiciones requeridas para su utilizaci\u00f3n, bastando al efecto la inclusi\u00f3n de las nuevas a trav\u00e9s de la pesta\u00f1a \u00abAviso Legal\u00bb contenida en el sitio web, conforme a lo establecido en el apartado 8 de las presentes Condiciones de Uso.<\/p>\n<p>La navegaci\u00f3n por el sitio web tiene car\u00e1cter gratuito y no requiere registro alguno por parte del usuario, no obstante, s\u00ed existe una apartado espec\u00edfico denominado \u201c\u00c1rea privada del estudiante\u201d en la que, para su acceso, resulta preciso el registro, a cuyo efecto se deber\u00e1 ostentar, como es l\u00f3gico, la condici\u00f3n de estudiante de GMR.<\/p>\n<p>2.-PROPIEDAD INTELECTUAL E INDUSTRIAL<\/p>\n<p>El presente sitio web se rige por el ordenamiento jur\u00eddico espa\u00f1ol y la legislaci\u00f3n nacional e internacional sobre propiedad intelectual e industrial.<\/p>\n<p>Todos sus contenidos (a t\u00edtulo enunciativo, que no limitativo: c\u00f3digo fuente de la web, el software, los textos, fotograf\u00edas, gr\u00e1ficos, im\u00e1genes, iconos, elementos audiovisuales o sonoros y dise\u00f1o gr\u00e1fico) son propiedad exclusiva de GMR. En ning\u00fan caso, se entender\u00e1 que el acceso y navegaci\u00f3n del usuario por el sitio web implique renuncia, transmisi\u00f3n, licencia o cesi\u00f3n alguna de los derechos de propiedad intelectual e industrial que ostenta GMR. El usuario tiene exclusivamente un derecho de uso privado del sitio web y los distintos elementos que conforman o figuran en el mismo.<\/p>\n<p>Las posibles referencias a nombres comerciales y\/o marcas nacionales e internacionales registradas o cualesquiera otros signos distintivos, ya sean titularidad de GMR o de terceros, llevan impl\u00edcitas la prohibici\u00f3n de uso sin el previo consentimiento expreso de GMR o de sus leg\u00edtimos titulares. El acceso o utilizaci\u00f3n del sitio web no atribuye derecho alguno al usuario sobre los nombres comerciales, marcas y\/o cualesquiera otros signos distintivos que aparezcan en el mismo.<\/p>\n<p>Copyright<\/p>\n<p>Toda la informaci\u00f3n contenida en esta Web, su dise\u00f1o gr\u00e1fico y el c\u00f3digo de lenguaje HTML, CSS, JAVA, JAVA Script o Active X constituye una obra cuya propiedad intelectual pertenece a GMR y est\u00e1 protegida, por tanto, por la Ley de Propiedad Intelectual. La reproducci\u00f3n, distribuci\u00f3n, comunicaci\u00f3n p\u00fablica, transformaci\u00f3n, modificaci\u00f3n, cesi\u00f3n, y cualquier otro acto que no haya sido expresamente autorizado por escrito por GMR quedan prohibidos.<\/p>\n<p>3.- EXCLUSI\u00d3N DE RESPONSABILIDAD EN EL USO DE CONTENIDOS<\/p>\n<p>GMR no garantiza la fiabilidad, exactitud, adecuaci\u00f3n e idoneidad de los servicios y de la informaci\u00f3n facilitada por terceros a trav\u00e9s del sitio web, sin perjuicio de que GMR revise peri\u00f3dicamente el sitio web con objeto de subsanar o corregir tales deficiencias o inexactitudes en la informaci\u00f3n facilitada por dichos terceros. En cualquier caso, los contenidos de esta p\u00e1gina son de car\u00e1cter general e informativo sobre las distintas actividades que realiza GMR con objeto de que el usuario pueda decidir si tiene inter\u00e9s en alg\u00fan servicio que ofrece GMR, en cuyo caso, deber\u00e1 ponerse en contacto con GMR para ampliar la informaci\u00f3n y solventar cualquier duda que pueda albergar al respecto. En ning\u00fan caso la informaci\u00f3n facilitada por terceros debe ser tomada como \u00fanico referente en la toma de decisiones personales o empresariales por parte del usuario, no responsabiliz\u00e1ndose GMR de las que se tomaren desoyendo esta advertencia, as\u00ed como tampoco de los da\u00f1os y perjuicios que se le ocasionen a terceros por las actuaciones fundamentadas en ellas.<\/p>\n<p>El acceso y utilizaci\u00f3n del sitio web no implica, en ning\u00fan caso, que GMR responda: de la continuidad de sus contenidos; de la ausencia de errores o de virus o cualquier otro tipo de software da\u00f1ino; de la falta o p\u00e9rdida de rendimiento de los contenidos durante la navegaci\u00f3n por parte del usuario; de los da\u00f1os o perjuicios que el usuario se causare a s\u00ed mismo o a un tercero por el incumplimiento de las presentes Condiciones de Uso.<\/p>\n<p>No obstante, GMR declara que ha adoptado todas las medidas tecnol\u00f3gicas posibles para garantizar el correcto funcionamiento del sitio web. Corresponde en todo caso al usuario la disponibilidad de herramientas adecuadas para la detecci\u00f3n y desinfecci\u00f3n de programas inform\u00e1ticos da\u00f1inos.<\/p>\n<p>4.-ENLACES A OTROS SITIOS WEB<\/p>\n<p>En el sitio web se ofrece al usuario la posibilidad de pinchar enlaces a Googlemaps, Facebook, Twitter y Youtube, hsireland.com, que no son en ning\u00fan caso gestionados por GMR, sino por sus leg\u00edtimos titulares. GMR s\u00f3lo se responsabiliza de los contenidos propios colgados en las redes sociales y dem\u00e1s webs citadas, no siendo en ning\u00fan caso responsabilidad de GMR la informaci\u00f3n enlazada en los mismos a trav\u00e9s de links, as\u00ed como tampoco su correcto funcionamiento y fiabilidad.<\/p>\n<p>Si el usuario tuviere conocimiento de la existencia de alg\u00fan contenido contrario a la Ley o que infrinja posibles derechos de propiedad intelectual y\/o industrial, deber\u00e1 notificarlo inmediatamente a GMR con el fin de que se adopten las medidas necesarias para proceder a deshabilitar su enlace.<\/p>\n<p>GMR no puede controlar ni conocer todas las p\u00e1ginas web que tengan enlace con su sitio web, por ello, GMR no se responsabiliza de su correcto funcionamiento y fiabilidad, sin perjuicio de que pueda adoptar las medidas oportunas respecto de aqu\u00e9llas p\u00e1ginas que hagan un uso indebido, no autorizado o perjudicial tanto del sitio web como del nombre de GMR o cuyo contenido, finalidad y esp\u00edritu sean totalmente ajenos a los intereses de GMR.<\/p>\n<p><a name=\"cookies\">5.-COOKIES<\/a><\/p>\n<p>GMR expresamente informa a los usuarios del presente sitio web de la utilizaci\u00f3n de cookies por parte de GMR y requieren el consentimiento expreso del mismo para su instalaci\u00f3n y le facilitan la posibilidad de ampliar la informaci\u00f3n mediante un enlace al presente apartado del Aviso Legal.<\/p>\n<p>El acceso al sitio web puede implicar la utilizaci\u00f3n de cookies, que son peque\u00f1as cantidades de informaci\u00f3n que se almacenan en el navegador utilizado por cada usuario para que el servidor recuerde cierta informaci\u00f3n que posteriormente pueda utilizar. Esta informaci\u00f3n permite identificar al usuario como un usuario concreto y permite guardar sus preferencias personales e informaci\u00f3n t\u00e9cnica como, por ejemplo, las p\u00e1ginas concretas que visita.<\/p>\n<p>Las cookies utilizadas son de tres tipos:<\/p>\n<p>Cookies de sesi\u00f3n, que no se almacenan en el equipo del usuario pero se necesitan durante cada sesi\u00f3n de uso en cada servicio web, ya que son imprescindibles para el correcto funcionamiento del servicio.<\/p>\n<p>Cookies almacenadas temporalmente en el equipo del usuario, que se utilizan para realizar estudios estad\u00edsticos an\u00f3nimos y agregados del uso que los usuarios hacen del servicio, para poder hacer futuras mejoras y optimizaciones. Para ello, se utilizan los servicios de Google Analytics.<\/p>\n<p>Cookies sociales que son necesarias para la intervenci\u00f3n del usuario en las redes sociales y poder interactuar con GMR. Su funci\u00f3n es controlar la interacci\u00f3n con los widgets sociales dentro de la p\u00e1gina web.<\/p>\n<p>Aquellos usuarios que no deseen recibir cookies en sus equipos pueden configurar su navegador con esta opci\u00f3n: En Google Chrome hay que seleccionar Preferencias&gt; configuraci\u00f3n&gt; opciones avanzadas&gt; configuraci\u00f3n de contenido (dentro de privacidad) y seleccionar no permitir en general la instalaci\u00f3n de cookies o bloquear las cookies de algunos sitios web concretos. En Mozilla Firefox hay que seleccionar Preferencias&gt;Privacidad&gt;Usar configuraci\u00f3n personalizada para el historial&gt; Y luego desmarcar la casillas de Aceptar cookies o limitar solo su uso a algunos sitios web. Para otros exploradores (explorer, safari, etc.) el usuario deber\u00e1 consultar las instrucciones y manuales de los mismos para conocer c\u00f3mo evitar que la navegaci\u00f3n con dichos exploradores pueda almacenar cookies en su equipo.<\/p>\n<p>Debe recordarse que, en ocasiones, la no aceptaci\u00f3n de las cookies puede suponer la imposibilidad de acceder, en todo o parte, a la disponibilidad del servicio.<\/p>\n<p>El usuario debe tener en cuenta que Internet no es un lugar completamente seguro y que, por tanto, ha de adoptar las medidas necesarias para evitar que sus datos personales sean conocidos por terceros no autorizados que pudieran hacer un uso inadecuado de los mismos.<\/p>\n<p>6.- GOOGLE ANALYTICS<\/p>\n<p>Este sitio web utiliza Google Analytics, un servicio anal\u00edtico de web prestado por Google, Inc., una compa\u00f1\u00eda de Delaware con sede en el 1600 Amphitheatre Parkway, de Mountain View (California), CA 94043, Estados Unidos (en adelante, Google). Google utiliza cookies (archivos de texto ubicados en su ordenador), para ayudar al sitio web a analizar el uso que hacen los usuarios del mismo. La informaci\u00f3n que a tal efecto genera la cookie (incluyendo su direcci\u00f3n IP) ser\u00e1 directamente transmitida y archivada por Google en los servidores de Estados Unidos. Google utilizar\u00e1 esta informaci\u00f3n por cuenta de GMR con el fin de hacer un seguimiento del uso del sitio web, recopilando informes sobre su actividad y uso de Internet. Google podr\u00e1 transmitir dicha informaci\u00f3n a terceros cuando as\u00ed se lo exija la Ley, o cuando dichos terceros procesen la informaci\u00f3n por cuenta de Google. Google no asociar\u00e1 la direcci\u00f3n IP del usuario con ning\u00fan otro dato del que disponga Google. El usuario puede rechazar en cualquier momento el tratamiento de tales datos rechazando el uso de cookies en la configuraci\u00f3n de su navegador, pudiendo en este caso no tener acceso funcional pleno al sitio web. Al utilizar este sitio web, el usuario consiente que Google trate informaci\u00f3n suya en los t\u00e9rminos anteriormente indicados.<\/p>\n<p>7.- CONFIDENCIALIDAD<\/p>\n<p>Cualquier tipo de informaci\u00f3n que sea enviada a GMR ser\u00e1 tratada con absoluta confidencialidad y reserva. S\u00f3lo en caso de que los Tribunales y Autoridades Competentes requieran el acceso a dicha informaci\u00f3n confidencial, se proporcionar\u00e1 en los t\u00e9rminos que exija la Ley.<\/p>\n<p>GMR no utilizar\u00e1 en beneficio propio o ajeno cualquier informaci\u00f3n que le sea proporcionada por el usuario.<\/p>\n<p>8.- VIGENCIA Y MODIFICACI\u00d3N<\/p>\n<p>GMR podr\u00e1 modificar los t\u00e9rminos y condiciones aqu\u00ed estipuladas, total o parcialmente, en cualquier momento, bastando para su publicaci\u00f3n ponerlas a disposici\u00f3n del usuario a trav\u00e9s de la pesta\u00f1a \u201cAviso Legal\u201d contenida en el sitio web.<\/p>\n<p>La vigencia de este Aviso Legal ser\u00e1 la misma que la duraci\u00f3n de su publicaci\u00f3n en el sitio web, hasta que sea modificado total o parcialmente, momento en el cual tendr\u00e1 vigencia el nuevo Aviso Legal modificado.<\/p>\n<p>Con independencia de lo dispuesto en este Aviso Legal, GMR podr\u00e1 finalizar, suspender o interrumpir, en cualquier momento y sin necesidad de previo aviso, el acceso a los contenidos del sitio web, sin posibilidad por parte del usuario de exigir indemnizaci\u00f3n alguna por ello.<\/p>\n<p>9.- FORMULARIO DE CONTACTO<\/p>\n<p>Se permite al usuario el env\u00edo no cifrado de sus datos personales, adem\u00e1s de por correspondencia postal, personalmente en la oficina o a trav\u00e9s del correo electr\u00f3nico, a trav\u00e9s del formulario de contacto del sitio web. Los datos personales recogidos con el mismo (nombre, tel\u00e9fono, mail) ser\u00e1n incorporados al correspondiente fichero titularidad de GMR, debidamente inscrito en el Registro General de la Agencia Espa\u00f1ola de Protecci\u00f3n de Datos, en cumplimiento de lo estipulado en la vigente legislaci\u00f3n sobre Protecci\u00f3n de Datos de Car\u00e1cter Personal. La finalidad del tratamiento ser\u00e1 exclusivamente la de dar respuesta a la solicitud de contacto realizada por el usuario y facilitarle la informaci\u00f3n que solicite. Para ello, los responsables de este servicio se pondr\u00e1n en contacto con el usuario a trav\u00e9s de un correo electr\u00f3nico, una comunicaci\u00f3n telef\u00f3nica o bien a trav\u00e9s del correo ordinario.<\/p>\n<p>El usuario debe saber que rellenar el formulario de contacto y enviar los datos solicitados, implica que la informaci\u00f3n reflejada en este Aviso Legal ha sido le\u00edda y aceptada expresamente y que, en consecuencia, otorga su consentimiento inequ\u00edvoco y expreso al tratamiento de sus datos personales para dicha finalidad.<\/p>\n<p>10.- \u00c1REA PRIVADA DE CLIENTES<\/p>\n<p>Existe un \u00e1rea privada en la web, en la parte superior derecha, reservada para clientes de GMR. Para el acceso a la citada \u00e1rea se hace necesario el uso de claves de acceso (nombre de usuario y contrase\u00f1a), el usuario cuando se convierte en cliente de GMR pondr\u00e1 su nombre de usuario y elige la contrase\u00f1a que considera oportuno, sin que GMR tenga acceso a la misma, dicho usuario se compromete a usarlas de acuerdo a las siguientes restricciones:<\/p>\n<p>Las claves, elegidas por el usuario, no deber\u00e1n ser contrarias a la moral y las buenas costumbres generalmente aceptadas, ni de cualquier modo infringir los derechos de propiedad industrial e intelectual y al honor y a la propia imagen de terceros.<\/p>\n<p>Las claves de acceso son para uso personal y exclusivo del usuario titular de las mismas, y su custodia y correcta utilizaci\u00f3n son responsabilidad del mismo. GMR no se hace responsable por ning\u00fan perjuicio en que el usuario o terceros puedan incurrir como consecuencia de que otras personas hagan uso de sus claves, con o sin consentimiento o conocimiento del usuario.<\/p>\n<p>No obstante, GMR se compromete a cumplir con el deber de secreto respecto a las claves registradas y utilizadas por los usuarios<\/p>\n<p>11.- CONTRATACI\u00d3N DE ACTIVIDADES CON GMR.<\/p>\n<p>Las diferentes actividades ofrecidas por GMR a trav\u00e9s de la p\u00e1gina web \u00fanicamente pueden contratarse a trav\u00e9s de las oficinas de GMR, de tal suerte que no es posible actualmente formalizar los contratos a trav\u00e9s del presente sitio web. A tal efecto se recomienda a los clientes y futuros clientes leer las condiciones generales y, en su caso, particulares, de la contrataci\u00f3n que GMR pondr\u00e1 a su disposici\u00f3n en el momento en que el cliente manifieste su intenci\u00f3n de contratar alg\u00fan de los servicios ofrecidos por GMR.<\/p>\n<p>No obstante lo anterior, la informaci\u00f3n contenida en los folletos y en la p\u00e1gina web sobre los distintos cursos y actividades ofrecidas por GMR es vinculante para la misma salvo que concurran alguna de las siguientes circunstancias:<\/p>\n<p>Que concurra alg\u00fan supuesto de fuerza mayor.<\/p>\n<p>Que se produzcan, posteriormente a la recepci\u00f3n de la inscripci\u00f3n del CLIENTE, modificaciones en las actividades, que ser\u00e1n expresamente acordadas por escrito entre las partes contratantes.<\/p>\n<p>Que se produzcan modificaciones en la informaci\u00f3n facilitada a trav\u00e9s de la p\u00e1gina web o de los folletos, cuando las mismas hayan sido expresamente comunicadas al CLIENTE antes de la fecha de la celebraci\u00f3n del contrato, bien a trav\u00e9s de tales medios (web\/folletos informativos), bien en el momento de efectuar la inscripci\u00f3n correspondiente en GMR.<\/p>\n<p>Los contratos que se suscriban entre el CLIENTE y GMR est\u00e1n sometidos a las condiciones generales y particulares de la contrataci\u00f3n de GMR, redactadas conforme a la Ley 7\/1998, de 13 de abril, sobre condiciones generales de la contrataci\u00f3n, al Texto Refundido de la Ley General para la Defensa de los Consumidores y Usuarios aprobado por Real Decreto Legislativo 1\/2007, de 16 de noviembre, en su \u00faltima versi\u00f3n modificado por la Ley 3\/2014, de 27 de marzo, y el C\u00f3digo Civil.<\/p>\n<p>Las citadas condiciones se facilitar\u00e1n a todos los CLIENTES y se incorporar\u00e1n en todos los contratos de los programas, cursos y actividades (en adelante, actividades) ofertados por la GMR, ser\u00e1n firmadas por las partes contratantes y obligar\u00e1n a las mismas junto con las condiciones particulares que se pacten en el contrato.<\/p>\n<p>Si contratada una actividad surgieran incidencias o alteraciones y, antes del inicio de la actividad contratada, GMR se viera obligada a modificar de manera significativa alg\u00fan elemento esencial del contrato (incluido el precio), lo pondr\u00e1 de inmediato en conocimiento del CLIENTE. EL CLIENTE podr\u00e1 optar por resolver el contrato o aceptar la modificaci\u00f3n propuesta, que puede llevar aparejado variaci\u00f3n del precio final.<\/p>\n<p>El CLIENTE deber\u00e1 comunicar su decisi\u00f3n a la mayor brevedad y, en todo caso, en el plazo m\u00e1ximo de los 3 d\u00edas h\u00e1biles siguientes a que le sea notificada la citada modificaci\u00f3n. Si el CLIENTE no comunicara su decisi\u00f3n en dicho plazo se entender\u00e1 que opta por la resoluci\u00f3n del contrato. En tal caso, GMR ofrecer\u00e1 al CLIENTE una actividad alternativa de igual o superior calidad a la modificada o cancelada o bien reembolsar\u00e1 al CLIENTE la totalidad de las cantidades que hubiere satisfecho. En estos supuestos GMR deber\u00e1 satisfacer, adem\u00e1s, al CLIENTE los da\u00f1os y perjuicios que se hayan derivado directamente de la citada resoluci\u00f3n del contrato.<\/p>\n<p>Tales da\u00f1os y perjuicios se concretan en cada programa particular que se facilita al cliente interesado en alguno de los servicios ofertados por GMR.<\/p>\n<p>No existe obligaci\u00f3n por parte de GMR de indemnizar al CLIENTE cuando la cancelaci\u00f3n de la actividad se deba a causas de fuerza mayor.<\/p>\n<p>Tampoco cuando la cancelaci\u00f3n se deba a no alcanzar el m\u00ednimo de personas requerido para la efectiva realizaci\u00f3n de la actividad cuando tal posibilidad haya sido puesta de manifiesto con car\u00e1cter previo al CLIENTE. En estos casos, GMR notificar\u00e1 por escrito al CLIENTE, con un m\u00ednimo de 15 d\u00edas naturales de antelaci\u00f3n a la fecha de inicio de la actividad, que no se ha alcanzado el n\u00famero m\u00ednimo de participantes y que, por tanto, se ha cancelado la actividad. En este supuesto, GMR reembolsar\u00e1 al CLIENTE las cantidades que hubiera satisfecho por la actividad.<\/p>\n<p>Las reclamaciones que, a juicio de los CLIENTES, surjan durante el desarrollo de la actividad contratada deber\u00e1n ser puestas en conocimiento de la organizaci\u00f3n responsable de la actividad en el pa\u00eds de destino, con la finalidad de ofrecer una soluci\u00f3n inmediata que sea satisfactoria para el CLIENTE. En el caso de que la soluci\u00f3n propuesta no sea satisfactoria para el CLIENTE, \u00e9ste dispondr\u00e1 de un mes para presentar la reclamaci\u00f3n por escrito a GMR. GMR, tras recabar la documentaci\u00f3n e informaci\u00f3n pertinente, responder\u00e1 la citada reclamaci\u00f3n en el plazo m\u00e1ximo de un mes.<\/p>\n<p>Si la soluci\u00f3n propuesta por GMR tampoco satisficiera al CLIENTE \u00e9ste podr\u00e1 ejercer las acciones oportunas.<\/p>\n<p>Documentaci\u00f3n.- El CLIENTE que contrate cualquier actividad con GMR deber\u00e1 llevar en regla su documentaci\u00f3n personal (DNI, pasaporte individual, visado en vigor, ESTA), de acuerdo con la normativa del pa\u00eds en el que se desarrolle la indicada actividad contratada. La obtenci\u00f3n del visado, de ser preciso en el pa\u00eds de que se trate, ser\u00e1 por cuenta del CLIENTE.<\/p>\n<p>El CLIENTE deber\u00e1 utilizar un pasaporte con validez posterior a la conclusi\u00f3n del curso acad\u00e9mico para poder participar en las actividades de verano, teniendo que proporcionar a GMR, en el momento de hacer la inscripci\u00f3n, el n\u00famero de pasaporte y las fechas de expedici\u00f3n y caducidad del mismo. Adem\u00e1s, si la actividad se desarrolla en EEUU o Canad\u00e1 ser\u00e1 necesario el nuevo pasaporte de lectura mec\u00e1nica o electr\u00f3nico y visado, si procede. Es necesaria una autorizaci\u00f3n de viaje (E.S.T.A.) que cada estudiante deber\u00e1 solicitar a trav\u00e9s de la web de la embajada de EEUU en Espa\u00f1a abonando la tasa correspondiente.<\/p>\n<p>Derecho de imagen.- El CLIENTE que contrata una determinada actividad con GMR autorizar\u00e1 expresamente a la misma, mediante la suscripci\u00f3n del correspondiente documento que pondr\u00e1 a su disposici\u00f3n GMR, la realizaci\u00f3n de im\u00e1genes\/grabaciones durante su desarrollo y la utilizaci\u00f3n de las mismas, tanto en la p\u00e1gina web como en los medios impresos, con objeto de promocionar las actividades de GMR.<\/p>\n<p>12.- RESOLUCI\u00d3N DE CONTROVERSIAS<\/p>\n<p>Para cualquier controversia, discrepancia, aplicaci\u00f3n o interpretaci\u00f3n de las presentes Condiciones de Uso, tanto GMR como el usuario acuerdan someterse a la ley espa\u00f1ola y a los juzgados y tribunales del partido judicial de Madrid, con renuncia expresa a cualquier otro fuero que pudiera corresponderles.<\/p>\n\r\n\t\t<\/div>\r\n\t<\/div>\r\n<\/div><\/div><\/div><\/div>","protected":false},"excerpt":{"rendered":"Este documento constituye el Aviso Legal y las Condiciones de Uso que regulan la navegaci\u00f3n y uso de la web de GMR Summer Camps S.L. (en adelante, GMR), ubicada en la URL http:\/\/www.gmrcamps.com (en adelante, sitio web). El titular del sitio web, es GMR Summer Camps S.L., provista de CIF n\u00ba B-85795953, con domicilio social [...]","protected":false},"author":1,"featured_media":0,"parent":0,"menu_order":0,"comment_status":"closed","ping_status":"closed","template":"","meta":{"footnotes":""},"class_list":["post-4604","page","type-page","status-publish","hentry"],"aioseo_notices":[],"_links":{"self":[{"href":"https:\/\/www.gmrcamps.com\/leon\/wp-json\/wp\/v2\/pages\/4604","targetHints":{"allow":["GET"]}}],"collection":[{"href":"https:\/\/www.gmrcamps.com\/leon\/wp-json\/wp\/v2\/pages"}],"about":[{"href":"https:\/\/www.gmrcamps.com\/leon\/wp-json\/wp\/v2\/types\/page"}],"author":[{"embeddable":true,"href":"https:\/\/www.gmrcamps.com\/leon\/wp-json\/wp\/v2\/users\/1"}],"replies":[{"embeddable":true,"href":"https:\/\/www.gmrcamps.com\/leon\/wp-json\/wp\/v2\/comments?post=4604"}],"version-history":[{"count":4,"href":"https:\/\/www.gmrcamps.com\/leon\/wp-json\/wp\/v2\/pages\/4604\/revisions"}],"predecessor-version":[{"id":4756,"href":"https:\/\/www.gmrcamps.com\/leon\/wp-json\/wp\/v2\/pages\/4604\/revisions\/4756"}],"wp:attachment":[{"href":"https:\/\/www.gmrcamps.com\/leon\/wp-json\/wp\/v2\/media?parent=4604"}],"curies":[{"name":"wp","href":"https:\/\/api.w.org\/{rel}","templated":true}]}}