{"id":4608,"date":"2025-03-13T16:56:22","date_gmt":"2025-03-13T15:56:22","guid":{"rendered":"https:\/\/www.gmrcamps.com\/leon\/?page_id=4608"},"modified":"2025-03-13T16:56:23","modified_gmt":"2025-03-13T15:56:23","slug":"politica-de-privacidad","status":"publish","type":"page","link":"https:\/\/www.gmrcamps.com\/leon\/politica-de-privacidad\/","title":{"rendered":"Pol\u00edtica de Privacidad"},"content":{"rendered":"\n<p>La presente POL\u00cdTICA DE PRIVACIDAD es parte integrante del Aviso Legal de las p\u00e1ginas web: http:\/\/www.gmrcamps.com.<\/p>\n\n\n\n<p>En virtud de lo dispuesto en el Reglamento UE 679\/2016, en la Ley Org\u00e1nica 3\/2018, de 5 de diciembre de Protecci\u00f3n de Datos de Car\u00e1cter Personal y de Garant\u00eda de los derechos digitales, de la LO 15\/1999, de 13 de Diciembre, de Protecci\u00f3n de Datos de Car\u00e1cter Personal, y en su Reglamento de Desarrollo (Real Decreto 1720\/2007, de 21 de diciembre), GMR SUMMER CAMPS S.L. (en adelante, GMR), Con CIF: B85795953, pone en su conocimiento que:<\/p>\n\n\n\n<p>PRIMERO.- La mera visita del sitio web de GMR en cualquiera de sus dominios : http:\/\/www.gmrcursoescolar.com y http:\/\/www.gmrcamps.es. no implica que el usuario deba suministrar informaci\u00f3n alguna respecto a su identidad, no pudiendo ser asociada a un usuario concreto por la empresa. En el supuesto que se proporcionen datos de car\u00e1cter de personal, estos datos ser\u00e1n recogidos y tratados respetando los derechos de los afectados y conforme a las limitaciones recogidas en la citada normativa de protecci\u00f3n de datos. Los usuarios que faciliten datos de car\u00e1cter personal aceptan de forma clara, exacta e inequ\u00edvoca las presentes condiciones.<\/p>\n\n\n\n<p>SEGUNDO.- La recogida de datos de car\u00e1cter personal se realizar\u00e1, en su caso, \u00fanica y exclusivamente a trav\u00e9s de los correos electr\u00f3nicos que los usuarios puedan remitir a GMR en la direcci\u00f3n: info@mundoenred.com como a trav\u00e9s del correo postal al domicilio social de GMR o a cualquiera de las delegaciones (ya por correo postal o a trav\u00e9s de los correos electr\u00f3nicos que figuran en la web) con que dicha empresa cuenta por toda Espa\u00f1a, y tambi\u00e9n a trav\u00e9s del formulario de contacto o de los formularios que figuran en su sitio web para la solicitud de presupuesto en las diferentes actividades que ofrece (campamentos, campus, cursos de adultos y de j\u00f3venes, a\u00f1o acad\u00e9mico, etc.) en las pesta\u00f1as correspondientes o f\u00edsicamente entregando dicha informaci\u00f3n en las delegaciones de la empresa.<\/p>\n\n\n\n<p>Los datos personales proporcionados por el usuario a trav\u00e9s del presente sitio web, se incorporar\u00e1n a los ficheros denominados CLIENTES de titularidad privada de GMR. La legitimaci\u00f3n de tener los citados datos resulta del propio consentimiento del afectado que facilita los mismos al objeto de poder suscribir el contrato para la actividad de que se trate. La finalidad de dichos ficheros ser\u00e1 exclusivamente, la gesti\u00f3n, desarrollo y cumplimiento de la normal prestaci\u00f3n de los servicios ofrecidos (CLIENTES) y la recepci\u00f3n de curr\u00edculums para cubrir posibles ofertas de trabajo (CURR\u00cdCULUMS) a trav\u00e9s del sitio web para la empresa GMR. No se prev\u00e9n cesiones o comunicaciones de tales datos salvo a las instituciones p\u00fablicas que lo puedan requerir o a los colegios o familias que presten el servicio concreto en el lugar de la actividad. Con la finalidad de evitar problemas en la prestaci\u00f3n del servicio le rogamos que si alguno de los datos facilitados a GMR a trav\u00e9s de cualquier v\u00eda se hubiera modificado lo ponga en conocimiento de GMR a la mayor brevedad para actualizar dichos datos.<\/p>\n\n\n\n<p>TERCERO.- GMR ha desarrollado todos los sistemas e implementando las medidas t\u00e9cnicas y organizativas a su alcance, previstas en la normativa de protecci\u00f3n de datos de car\u00e1cter personal, para evitar la p\u00e9rdida, mal uso, alteraci\u00f3n, acceso no autorizado y sustracci\u00f3n de los datos de car\u00e1cter personal facilitados por el usuario.<\/p>\n\n\n\n<p>CUARTO.- El usuario garantiza que los datos que, en su caso, haya aportado a trav\u00e9s del presente sitio web son veraces, exactos, completos y actualizados, siendo responsable de cualquier da\u00f1o o perjuicio, directo o indirecto, que pudiera ocasionarse como consecuencia del incumplimiento de tal obligaci\u00f3n.<\/p>\n\n\n\n<p>QUINTO.- GMR se compromete al cumplimiento de su obligaci\u00f3n de secreto con respecto a los datos de car\u00e1cter personal recibidos a trav\u00e9s del presente sitio web y al deber de tratarlos con la debida confidencialidad. Los datos personales recabados no ser\u00e1n cedidos a terceros sin el consentimiento expreso del titular de los mismos.<\/p>\n\n\n\n<p>SEXTO.- Para ejercitar los derechos de acceso, rectificaci\u00f3n, supresi\u00f3n, oposici\u00f3n, limitaci\u00f3n o portabilidad sobre los datos de car\u00e1cter personal que hayan sido aportados a trav\u00e9s del presente sitio web o por cualquier otra v\u00eda, el usuario podr\u00e1 remitir un correo electr\u00f3nico a la direcci\u00f3n legal@mundoenred.com o por correo postal a la direcci\u00f3n Glorieta Puente de Segovia n.\u00ba 3 entreplanta. 28011 de Madrid. Dicha solicitud deber\u00e1 contener necesariamente los siguientes datos: nombre y apellidos del solicitante, domicilio a efectos de notificaciones, fotocopia del Documento Nacional de Identidad o documento equivalente de identificaci\u00f3n y petici\u00f3n en la que se concrete la solicitud (acceso a los datos, modificaci\u00f3n de alguno de ellos, supresi\u00f3n de los datos proporcionados, oposici\u00f3n a su conservaci\u00f3n y tratamiento, portabilidad o limitaci\u00f3n de uso por parte de GMR) y, en su caso, los documentos que apoyen la citada solicitud.<\/p>\n\n\n\n<p>Si considera que alguno de sus derechos ha sido vulnerado por GMR o cualquiera de sus trabajadores puede ponerlo en conocimiento de la Agencia de Protecci\u00f3n de Datos.<\/p>\n\n\n\n<p>S\u00c9PTIMO.- GMR una vez finalizada la relaci\u00f3n con el usuario conservar\u00e1 los datos durante el tiempo imprescindible para cumplir las obligaciones legales necesarias. Trascurrido dicho per\u00edodo, podr\u00e1 conservar los datos de car\u00e1cter personal facilitados con objeto de realizar comunicaciones sobre futuros servicios, promociones y actividades organizados por GMR, salvo que expresamente el cliente manifieste su voluntad de que los citados datos sean cancelados de manera definitiva mediante la remisi\u00f3n de un correo electr\u00f3nica a legal@mundoenred.com indicando en el asunto \u201cbaja definitiva de los datos\u201d. En cualquier caso, se proceder\u00e1 a la cancelaci\u00f3n de los datos recogidos cuando dejen de ser necesarios a la finalidad para la que fueron recabados.<\/p>\n","protected":false},"excerpt":{"rendered":"<p>La presente POL\u00cdTICA DE PRIVACIDAD es parte integrante del Aviso Legal de las p\u00e1ginas web: http:\/\/www.gmrcamps.com. En virtud de lo dispuesto en el Reglamento UE 679\/2016, en la Ley Org\u00e1nica 3\/2018, de 5 de diciembre de Protecci\u00f3n de Datos de Car\u00e1cter Personal y de Garant\u00eda de los derechos digitales, de la LO 15\/1999, de 13 [&hellip;]<\/p>\n","protected":false},"author":1,"featured_media":0,"parent":0,"menu_order":0,"comment_status":"closed","ping_status":"closed","template":"","meta":{"footnotes":""},"class_list":["post-4608","page","type-page","status-publish","hentry"],"aioseo_notices":[],"_links":{"self":[{"href":"https:\/\/www.gmrcamps.com\/leon\/wp-json\/wp\/v2\/pages\/4608","targetHints":{"allow":["GET"]}}],"collection":[{"href":"https:\/\/www.gmrcamps.com\/leon\/wp-json\/wp\/v2\/pages"}],"about":[{"href":"https:\/\/www.gmrcamps.com\/leon\/wp-json\/wp\/v2\/types\/page"}],"author":[{"embeddable":true,"href":"https:\/\/www.gmrcamps.com\/leon\/wp-json\/wp\/v2\/users\/1"}],"replies":[{"embeddable":true,"href":"https:\/\/www.gmrcamps.com\/leon\/wp-json\/wp\/v2\/comments?post=4608"}],"version-history":[{"count":1,"href":"https:\/\/www.gmrcamps.com\/leon\/wp-json\/wp\/v2\/pages\/4608\/revisions"}],"predecessor-version":[{"id":4609,"href":"https:\/\/www.gmrcamps.com\/leon\/wp-json\/wp\/v2\/pages\/4608\/revisions\/4609"}],"wp:attachment":[{"href":"https:\/\/www.gmrcamps.com\/leon\/wp-json\/wp\/v2\/media?parent=4608"}],"curies":[{"name":"wp","href":"https:\/\/api.w.org\/{rel}","templated":true}]}}